{"id":911,"date":"2011-10-02T13:45:53","date_gmt":"2011-10-02T12:45:53","guid":{"rendered":"http:\/\/www.lautoentrepreneur.net\/?page_id=911"},"modified":"2011-10-02T13:45:53","modified_gmt":"2011-10-02T12:45:53","slug":"auto-entrepreneur-ouvrir-un-compte-bancaire-separe-cest-conseille","status":"publish","type":"page","link":"https:\/\/lautoentrepreneur.net\/index.php\/auto-entrepreneur-ouvrir-un-compte-bancaire-separe-cest-conseille\/","title":{"rendered":"Auto entrepreneur: ouvrir un compte bancaire s\u00e9par\u00e9, c&rsquo;est requis !"},"content":{"rendered":"<p>Cr\u00e9er un nouveau compte bancaire pour votre activit\u00e9 d&rsquo;auto-entrepreneur est depuis le d\u00e9but de l&rsquo;ann\u00e9e 2015, bligatoire. Et nous vous conseillons chaudement de le faire au plus vite pour des raisons pratiques. Plus de facilit\u00e9 pour votre comptabilit\u00e9, une vision plus claire de votre activit\u00e9 et des astuces qui font que tout cela peut se faire quasi-gratuitement&#8230; Tour d&rsquo;horizon.<!--more--> <\/p>\n<p>Une fois votre activit\u00e9 lanc\u00e9e, vous allez avoir des d\u00e9penses et des entr\u00e9es. Sans un compte d\u00e9di\u00e9 \u00e0 cela, toutes les op\u00e9rations bancaires vont se confondre avec vos op\u00e9rations personnelles.Si la gestion de la comptabilit\u00e9 d&rsquo;un auto entrepreneur est simplifi\u00e9e au maximum, il faut toutefois n\u00e9anmoins \u00eatre capable de faire un bilan simple qui permettra &#8211; ne serait ce qu&rsquo;en cas de contr\u00f4le &#8211; de ressortir tous les \u00e9l\u00e9ments financiers. Un compte bancaire s\u00e9par\u00e9 bien qu&rsquo;optionnel est vivement recommand\u00e9. Notamment pour ceux qui ne sont pas des pros de la comptabilit\u00e9.<br \/>\n<\/p>\n<h3>S\u00e9parer vos op\u00e9rations personnelles de l&rsquo;activit\u00e9 d&rsquo;auto entrepreneur<\/h3>\n<p>En effet, en th\u00e9orie vous pouviez &#8211; avant le 1er Janvier 2015 encaisser sur votre compte bancaire personnel et \u00ab\u00a0m\u00e9langer\u00a0\u00bb tous vos revenus et d\u00e9penses. Et c&rsquo;\u00e9tait donc au pire \u00ab\u00a0probl\u00e9matique\u00a0\u00bb lorsqu&rsquo;il s&rsquo;agissait pour vous de faire votre comptabilit\u00e9. Une situation qui pouvait tourner au cauchemar en cas d&rsquo;erreur et de contr\u00f4le. Car un an voire deux ans plus tard, bonjour la complexit\u00e9 pour tout retrouver ! Vous pouviez bien entendu faire appel \u00e0 un expert-comptable. Mais le co\u00fbt est tel que bien peu d&rsquo;autoentrepreneurs l&rsquo;ont fait. En effet, il suffit de tenir un d\u00e9compte de ses rentr\u00e9es et de ses d\u00e9penses et le tour est jou\u00e9. Et quoi de plus simple qu&rsquo;un compte bancaire d\u00e9di\u00e9&#8230; Et depuis le 1er janvier 2015, c&rsquo;est de plus devenu une obligation pour tout autoentrepreneur<br \/>\n<\/p>\n<p>ATTENTION toutefois: Les comptes bancaires professionnels co\u00fbtent chers. Chaque mois la banque facture un montant pour son service (m\u00eame si aucun activit\u00e9) de quelques dizaines d&rsquo;euros. Usuellement entre 30 et 40 euros pour des banques grand public comme LCL, BNP ou encore HSBC. Heureusement il existe un  bon plan simple et l\u00e9gal pour les auto-entrepreneurs en toute discretion: cr\u00e9er un compte personnel \u00e0 votre nom utilis\u00e9 uniquement pour vos activit\u00e9s. C&rsquo;est totalement l\u00e9gal m\u00eame si grand nombre de banques vous recommanderont si vous en parlez de faire un compte pro &#8211; facturations de frais oblige.<br \/>\n<\/p>\n<h3> L&rsquo;astuce simple: un compte particulier d\u00e9di\u00e9<\/h3>\n<p>En effet, il vous suffit d&rsquo;ouvrir un autre compte bancaire&#8230; personnel. Pas dans votre banque car souvent celle ci ne voudra pas mais dans une autre. Ce compte personnel sera EXCLUSIVEMENT utilis\u00e9 pour vos rentr\u00e9es et d\u00e9penses d&rsquo;argent d\u00e9di\u00e9es \u00e0 vos activit\u00e9s professionnelles. Bien entendu, la banque ne le sait pas&#8230; mais rien dans le cas d&rsquo;un auto-entrepreneur ne vous oblige \u00e0 lui dire.<\/p>\n<p>De plus, vous pouvez d&rsquo;ores et d\u00e9j\u00e0 ouvrir le compte quel que soit votre stade dans la d\u00e9claration d&rsquo;autoentrepreneur. Ainsi vous serez totalement op\u00e9rationnel d\u00e8s le premier jour. N&rsquo;oubliez pas que recevoir un ch\u00e9quier ou une carte prend un certain temps. Idem pour ouvrir un acc\u00e8s internet \u00e0 votre compte&#8230;<br \/>\n<\/p>\n<p>Du coup, c&rsquo;est tr\u00e8s pratique d&rsquo;avoir un compte bancaire d\u00e9di\u00e9. Votre comptabilit\u00e9 devient alors une simple compilation de vos relev\u00e9s bancaires de ce compte. Dessus figurent tous les revenus et les d\u00e9penses effectu\u00e9es. Pratique non ? Et un gain de temps \u00e9norme lorsqu&rsquo;il s&rsquo;agira de faire le point sur votre comptabilit\u00e9 des ann\u00e9es \u00e9coul\u00e9es&#8230; Lorsque vous aurez besoin de pr\u00e9lever votre argent pour vos besoins, ll vous suffira de vous faire un ch\u00e8que ou mieux un virement vers votre compte avec le bon intitul\u00e9. Du coup, tout est totalement clair et simple !<br \/>\n<\/p>\n<p>Sur ce compte bancaire, vos attentes seront limit\u00e9s. En fait pas besoin pour vous de produits de placements, d&rsquo;\u00e9ventuels cr\u00e9dits, d&rsquo;assurances etc. Un ch\u00e8quier et \u00e9ventuellement une carte de cr\u00e9dit vous suffisent. Du coup, vous avez v\u00e9ritablement un bon plan \u00e0 faire: Choisissez une banque en ligne dont les co\u00fbts sont r\u00e9duits au minimum voire nuls et ce m\u00eame pour votre carte de cr\u00e9dit&#8230;<br \/>\n<\/p>\n<h3>Un compte bancaire en ligne pour limiter vos frais<\/h3>\n<p>L\u00e0 l&rsquo;affaire peut devenir carr\u00e9ment excellente puisque vous aurez un outil \u00e0 la fois simple pour g\u00e9rer votre comptabilit\u00e9 et en plus quasiment gratuit, contrairement \u00e0 votre compte bancaire de banque classique o\u00f9 on vous facture carte bleue, conventions etc&#8230;<\/p>\n<p id=\"blogonetVote\">\n\t\t<a href=\"http:\/\/tools.blogonet.fr\/article.php?url=https%3A%2F%2Flautoentrepreneur.net%2Findex.php%2Fauto-entrepreneur-ouvrir-un-compte-bancaire-separe-cest-conseille%2F\" >\n\t\t\t<img decoding=\"async\" src=\"http:\/\/tools.blogonet.fr\/article.php?url=https%3A%2F%2Flautoentrepreneur.net%2Findex.php%2Fauto-entrepreneur-ouvrir-un-compte-bancaire-separe-cest-conseille%2F&image\" alt=\"Voter !\" title=\"Voter pour cet article, sur Blogonet\" \/>\n\t\t<\/a>\n\t<\/p>","protected":false},"excerpt":{"rendered":"<div class=\"mh-excerpt\"><p>Cr\u00e9er un nouveau compte bancaire pour votre activit\u00e9 d&rsquo;auto-entrepreneur est depuis le d\u00e9but de l&rsquo;ann\u00e9e 2015, bligatoire. Et nous vous conseillons chaudement de le faire <a class=\"mh-excerpt-more\" href=\"https:\/\/lautoentrepreneur.net\/index.php\/auto-entrepreneur-ouvrir-un-compte-bancaire-separe-cest-conseille\/\" title=\"Auto entrepreneur: ouvrir un compte bancaire s\u00e9par\u00e9, c&rsquo;est requis !\">[&#8230;]<\/a><\/p>\n<\/div>","protected":false},"author":2,"featured_media":0,"parent":0,"menu_order":0,"comment_status":"open","ping_status":"open","template":"","meta":{"footnotes":""},"class_list":["post-911","page","type-page","status-publish","hentry"],"_links":{"self":[{"href":"https:\/\/lautoentrepreneur.net\/index.php\/wp-json\/wp\/v2\/pages\/911","targetHints":{"allow":["GET"]}}],"collection":[{"href":"https:\/\/lautoentrepreneur.net\/index.php\/wp-json\/wp\/v2\/pages"}],"about":[{"href":"https:\/\/lautoentrepreneur.net\/index.php\/wp-json\/wp\/v2\/types\/page"}],"author":[{"embeddable":true,"href":"https:\/\/lautoentrepreneur.net\/index.php\/wp-json\/wp\/v2\/users\/2"}],"replies":[{"embeddable":true,"href":"https:\/\/lautoentrepreneur.net\/index.php\/wp-json\/wp\/v2\/comments?post=911"}],"version-history":[{"count":0,"href":"https:\/\/lautoentrepreneur.net\/index.php\/wp-json\/wp\/v2\/pages\/911\/revisions"}],"wp:attachment":[{"href":"https:\/\/lautoentrepreneur.net\/index.php\/wp-json\/wp\/v2\/media?parent=911"}],"curies":[{"name":"wp","href":"https:\/\/api.w.org\/{rel}","templated":true}]}}