{"id":746,"date":"2011-03-19T15:48:13","date_gmt":"2011-03-19T14:48:13","guid":{"rendered":"http:\/\/www.lautoentrepreneur.net\/?page_id=746"},"modified":"2011-03-19T15:48:13","modified_gmt":"2011-03-19T14:48:13","slug":"comment-adherer-au-regime-dautoentrepreneur","status":"publish","type":"page","link":"https:\/\/lautoentrepreneur.net\/index.php\/questionsreponses\/comment-adherer-au-regime-dautoentrepreneur\/","title":{"rendered":"Comment adh\u00e9rer au r\u00e9gime d&rsquo;autoentrepreneur ?"},"content":{"rendered":"<h2><a name=\"Adherer1\"><\/a>Quelles sont les d\u00e9marches \u00e0 effectuer pour b\u00e9n\u00e9ficier du r\u00e9gime de l&rsquo;auto-entrepreneur ?<\/h2>\n<p>Vous \u00eates cr\u00e9ateur ?<br \/>\nVous devez remplir un formulaire unique et simplifi\u00e9 de d\u00e9claration propre aux auto-entrepreneurs. Cette d\u00e9marche peut \u00eatre effectu\u00e9e, par voie \u00e9lectronique, \u00e0 partir de la <a href=\"http:\/\/www.lautoentrepreneur.fr\/adherez.htm\" target=\"_blank\">page suivante<\/a>.<\/p>\n<p>Vous \u00eates d\u00e9j\u00e0 en activit\u00e9 ?<br \/>\nVous devez remplir un formulaire d&rsquo;adh\u00e9sion, accessible \u00e0 la <a href=\"http:\/\/www.lautoentrepreneur.fr\/adherez.htm\" target=\"_blank\">page du site officiel<\/a>.<\/p>\n<h2><a name=\"Adherer2\"><\/a>L&rsquo;inscription au Registre du Commerce et des Soci\u00e9t\u00e9s ou au R\u00e9pertoire des M\u00e9tiers est-elle obligatoire ?<\/h2>\n<p>Non, si vous avez opt\u00e9 pour le r\u00e9gime du micro-social simplifi\u00e9 en remplissant votre d\u00e9claration d&rsquo;activit\u00e9 Auto-Entrepreneur, accessible \u00e0 la <a href=\"http:\/\/www.lautoentrepreneur.fr\/adherez.htm\" target=\"_blank\">page suivante<\/a>.<\/p>\n<h2><a name=\"Adherer3\"><\/a>Est-ce que je peux faire une d\u00e9claration d&rsquo;activit\u00e9 auto- entrepreneur et choisir plus tard si j&rsquo;opte ou non pour le r\u00e9gime micro-social simplifi\u00e9 ?<\/h2>\n<p>Non, la d\u00e9claration d&rsquo;activit\u00e9 Auto-entrepreneur entraine automatiquement l&rsquo;option pour le r\u00e9gime micro social simplifi\u00e9<\/p>\n<h2><a name=\"Adherer4\"><\/a>Lors de la d\u00e9claration d&rsquo;activit\u00e9 auto- entrepreneur, suis-je oblig\u00e9 d&rsquo;opter pour le versement lib\u00e9ratoire de l&rsquo;Imp\u00f4t sur le Revenu pour b\u00e9n\u00e9ficier du r\u00e9gime auto-entrepreneur ?<\/h2>\n<p>Non.<\/p>\n<h2><a name=\"Adherer5\"><\/a>Quand puis-je opter pour le r\u00e9gime micro social simplifi\u00e9 ?<\/h2>\n<p>Vous \u00eates cr\u00e9ateur ?<br \/>\nVous pouvez opter pour le r\u00e9gime micro-social simplifi\u00e9 dans les 3 mois suivant votre d\u00e9but d&rsquo;activit\u00e9 pour une application imm\u00e9diate<\/p>\n<p>Vous \u00eates d\u00e9j\u00e0 en activit\u00e9 ?<br \/>\nVous pouvez opter pour le r\u00e9gime micro-social simplifi\u00e9 au plus tard le 31 d\u00e9cembre pour une application l&rsquo;ann\u00e9e suivante.<\/p>\n<p>A titre exceptionnel, les demandes seront accept\u00e9es jusqu&rsquo;au 31 mars 2009 pour une application en 2009.<\/p>\n<h2><a name=\"Adherer6\"><\/a>Quand puis-je opter pour le versement lib\u00e9ratoire de l&rsquo;imp\u00f4t ?<\/h2>\n<p>Vous \u00eates cr\u00e9ateur ?<br \/>\nVous pouvez opter pour le versement lib\u00e9ratoire de l&rsquo;imp\u00f4t sur le revenu dans les 3 mois suivant votre d\u00e9but d&rsquo;activit\u00e9 pour une application imm\u00e9diate.<\/p>\n<p>Vous \u00eates d\u00e9j\u00e0 en activit\u00e9 ?<br \/>\nVous pouvez opter pour le versement lib\u00e9ratoire de l&rsquo;imp\u00f4t sur le revenu au plus tard le 31 d\u00e9cembre pour une application l&rsquo;ann\u00e9e suivante.<\/p>\n<p>A titre exceptionnel, les demandes seront accept\u00e9es jusqu&rsquo;au 31 mars 2009 pour une application en 2009.<\/p>\n<h2><a name=\"Adherer7\"><\/a>Est-ce que je dois m&rsquo;adresser aux services fiscaux pour opter pour le versement lib\u00e9ratoire de l&rsquo;imp\u00f4t sur le revenu ?<\/h2>\n<p>Non, comme pour le r\u00e9gime micro social simplifi\u00e9, vous faites votre demande aupr\u00e8s du CFE lors de votre d\u00e9claration de cr\u00e9ation d&rsquo;activit\u00e9 ou, si vous \u00eates d\u00e9j\u00e0 en activit\u00e9, aupr\u00e8s du Centre de paiement du RSI.<\/p>\n<p id=\"blogonetVote\">\n\t\t<a href=\"http:\/\/tools.blogonet.fr\/article.php?url=https%3A%2F%2Flautoentrepreneur.net%2Findex.php%2Fquestionsreponses%2Fcomment-adherer-au-regime-dautoentrepreneur%2F\" >\n\t\t\t<img decoding=\"async\" src=\"http:\/\/tools.blogonet.fr\/article.php?url=https%3A%2F%2Flautoentrepreneur.net%2Findex.php%2Fquestionsreponses%2Fcomment-adherer-au-regime-dautoentrepreneur%2F&image\" alt=\"Voter !\" title=\"Voter pour cet article, sur Blogonet\" \/>\n\t\t<\/a>\n\t<\/p>","protected":false},"excerpt":{"rendered":"<div class=\"mh-excerpt\"><p>Quelles sont les d\u00e9marches \u00e0 effectuer pour b\u00e9n\u00e9ficier du r\u00e9gime de l&rsquo;auto-entrepreneur ? Vous \u00eates cr\u00e9ateur ? Vous devez remplir un formulaire unique et simplifi\u00e9 <a class=\"mh-excerpt-more\" href=\"https:\/\/lautoentrepreneur.net\/index.php\/questionsreponses\/comment-adherer-au-regime-dautoentrepreneur\/\" title=\"Comment adh\u00e9rer au r\u00e9gime d&rsquo;autoentrepreneur ?\">[&#8230;]<\/a><\/p>\n<\/div>","protected":false},"author":2,"featured_media":0,"parent":15,"menu_order":2,"comment_status":"open","ping_status":"open","template":"","meta":{"footnotes":""},"class_list":["post-746","page","type-page","status-publish","hentry"],"_links":{"self":[{"href":"https:\/\/lautoentrepreneur.net\/index.php\/wp-json\/wp\/v2\/pages\/746","targetHints":{"allow":["GET"]}}],"collection":[{"href":"https:\/\/lautoentrepreneur.net\/index.php\/wp-json\/wp\/v2\/pages"}],"about":[{"href":"https:\/\/lautoentrepreneur.net\/index.php\/wp-json\/wp\/v2\/types\/page"}],"author":[{"embeddable":true,"href":"https:\/\/lautoentrepreneur.net\/index.php\/wp-json\/wp\/v2\/users\/2"}],"replies":[{"embeddable":true,"href":"https:\/\/lautoentrepreneur.net\/index.php\/wp-json\/wp\/v2\/comments?post=746"}],"version-history":[{"count":0,"href":"https:\/\/lautoentrepreneur.net\/index.php\/wp-json\/wp\/v2\/pages\/746\/revisions"}],"up":[{"embeddable":true,"href":"https:\/\/lautoentrepreneur.net\/index.php\/wp-json\/wp\/v2\/pages\/15"}],"wp:attachment":[{"href":"https:\/\/lautoentrepreneur.net\/index.php\/wp-json\/wp\/v2\/media?parent=746"}],"curies":[{"name":"wp","href":"https:\/\/api.w.org\/{rel}","templated":true}]}}