{"id":1081,"date":"2014-05-05T13:28:55","date_gmt":"2014-05-05T12:28:55","guid":{"rendered":"http:\/\/www.lautoentrepreneur.net\/?page_id=1081"},"modified":"2014-05-05T13:28:55","modified_gmt":"2014-05-05T12:28:55","slug":"autoentrepreneur-creez-votre-facture-pas-a-pas-et-modele-de-facture","status":"publish","type":"page","link":"https:\/\/lautoentrepreneur.net\/index.php\/autoentrepreneur-creez-votre-facture-pas-a-pas-et-modele-de-facture\/","title":{"rendered":"Autoentrepreneur, cr\u00e9ez votre facture &#8211; Pas \u00e0 pas et mod\u00e8le de facture"},"content":{"rendered":"<p>Vous venez de vous lancer en auto-entrepreneur et il est temps de r\u00e9aliser votre premi\u00e8re activit\u00e9&#8230; Maintenant il ne vous reste plus qu&rsquo;\u00e0 facturer. Facile me direz vous ? Oui sans doute ! Mais voil\u00e0.. \u00e0 quoi cela ressemble t-il une facture ? Petite m\u00e9thode pas \u00e0 pas pour bien r\u00e9aliser votre premi\u00e8re facture&#8230; Et un mod\u00e8le type de facture \u00e0 t\u00e9l\u00e9charger&#8230;<!--more--><\/p>\n<p>On se pose souvent la question de base: quelles mentions l\u00e9gales dois je faire figurer sur ma facture d&rsquo;auto-entrepreneur ?<br \/>\nEn fait comme pour le statut ce n&rsquo;est pas tr\u00e8s compliqu\u00e9&#8230; On doit retrouver sur une facture d&rsquo;autoentrepreneur, les mentions suivantes:<\/p>\n<p>1) Vos coordonn\u00e9es en en-t\u00eate de votre facture \u00e0 savoir votre nom et pr\u00e9nom puisque c\u2019est l\u2019intitul\u00e9 de votre auto-entreprise, l\u2019adresse de domiciliation de votre activit\u00e9 et votre num\u00e9ro SIREN \u00e0 9 chiffres<\/p>\n<p>2) La facture doit \u00eatre adress\u00e9e \u00e0 votre client en faisant figurer son nom, sa forme juridique et son adresse.<\/p>\n<p>3) Une facture est identifi\u00e9e par une r\u00e9f\u00e9rence unique et si possible continue dans la s\u00e9rie. Par exemple, la date et un num\u00e9ro unique<\/p>\n<p>4) Il faut \u00e9galement faire figurer la date d&#8217;emission de la facture&#8230;<\/p>\n<p>5) Vient ensuite un tableau qui d\u00e9taille les produits, prestations et quantit\u00e9s ainsi que les prix unitaire et le total HT<\/p>\n<p>En tant qu&rsquo;auto-entrepreneur vos montants seront toujours des montants HT. A vous donc de mentionner \u00ab TVA non applicable, art 293 B du CGI \u00bb en bas de facture. Vous devez aussi rappeler les p\u00e9nalit\u00e9s l\u00e9gales en cas de retard de paiement  avec le d\u00e9lai maximal, le taux des p\u00e9nalit\u00e9s de retard ainsi que l\u2019indemnit\u00e9 forfaitaire pour frais de recouvrement&#8230;<\/p>\n<p>Enfin n&rsquo;oubliez jamais de fournir en rappel vos coordonn\u00e9es bancaires pour le paiement. Ne jamais pr\u00e9juger que le client les a forc\u00e9ment. Un peu basique comme conseil mais \u00f4 combien valide&#8230;<\/p>\n<p>Gr\u00e2ce \u00e0 ces conseils, vous allez pouvoir construire votre facture type. Mais si vous le voulez, vous pourrez aussi t\u00e9l\u00e9charger le mod\u00e8le que nous vous proposons: <\/p>\n<p>T\u00e9l\u00e9charger le mod\u00e8le de facture au format WORD<\/p>\n<p>Et n\u00a0\u00bbh\u00e9sitez pas \u00e0 laisser vos commentaires !<\/p>\n<p id=\"blogonetVote\">\n\t\t<a href=\"http:\/\/tools.blogonet.fr\/article.php?url=https%3A%2F%2Flautoentrepreneur.net%2Findex.php%2Fautoentrepreneur-creez-votre-facture-pas-a-pas-et-modele-de-facture%2F\" >\n\t\t\t<img decoding=\"async\" src=\"http:\/\/tools.blogonet.fr\/article.php?url=https%3A%2F%2Flautoentrepreneur.net%2Findex.php%2Fautoentrepreneur-creez-votre-facture-pas-a-pas-et-modele-de-facture%2F&image\" alt=\"Voter !\" title=\"Voter pour cet article, sur Blogonet\" \/>\n\t\t<\/a>\n\t<\/p>","protected":false},"excerpt":{"rendered":"<div class=\"mh-excerpt\"><p>Vous venez de vous lancer en auto-entrepreneur et il est temps de r\u00e9aliser votre premi\u00e8re activit\u00e9&#8230; Maintenant il ne vous reste plus qu&rsquo;\u00e0 facturer. Facile <a class=\"mh-excerpt-more\" href=\"https:\/\/lautoentrepreneur.net\/index.php\/autoentrepreneur-creez-votre-facture-pas-a-pas-et-modele-de-facture\/\" title=\"Autoentrepreneur, cr\u00e9ez votre facture &#8211; Pas \u00e0 pas et mod\u00e8le de facture\">[&#8230;]<\/a><\/p>\n<\/div>","protected":false},"author":2,"featured_media":0,"parent":0,"menu_order":0,"comment_status":"closed","ping_status":"closed","template":"","meta":{"footnotes":""},"class_list":["post-1081","page","type-page","status-publish","hentry"],"_links":{"self":[{"href":"https:\/\/lautoentrepreneur.net\/index.php\/wp-json\/wp\/v2\/pages\/1081","targetHints":{"allow":["GET"]}}],"collection":[{"href":"https:\/\/lautoentrepreneur.net\/index.php\/wp-json\/wp\/v2\/pages"}],"about":[{"href":"https:\/\/lautoentrepreneur.net\/index.php\/wp-json\/wp\/v2\/types\/page"}],"author":[{"embeddable":true,"href":"https:\/\/lautoentrepreneur.net\/index.php\/wp-json\/wp\/v2\/users\/2"}],"replies":[{"embeddable":true,"href":"https:\/\/lautoentrepreneur.net\/index.php\/wp-json\/wp\/v2\/comments?post=1081"}],"version-history":[{"count":0,"href":"https:\/\/lautoentrepreneur.net\/index.php\/wp-json\/wp\/v2\/pages\/1081\/revisions"}],"wp:attachment":[{"href":"https:\/\/lautoentrepreneur.net\/index.php\/wp-json\/wp\/v2\/media?parent=1081"}],"curies":[{"name":"wp","href":"https:\/\/api.w.org\/{rel}","templated":true}]}}